{"id":944,"date":"2020-09-15T06:48:29","date_gmt":"2020-09-15T09:48:29","guid":{"rendered":"https:\/\/minisstores.com\/index.php\/about\/"},"modified":"2024-09-18T14:45:39","modified_gmt":"2024-09-18T17:45:39","slug":"sobrenosotros","status":"publish","type":"page","link":"https:\/\/minisstores.com\/index.php\/sobrenosotros\/","title":{"rendered":"Sobre Nosotros"},"content":{"rendered":"\n<div class=\"wp-block-uagb-container uagb-block-4f3d4b2b alignfull uagb-is-root-container\"><div class=\"uagb-container-inner-blocks-wrap\">\n<div class=\"wp-block-uagb-advanced-heading uagb-block-a5271460\"><h1 class=\"uagb-heading-text\">Qui\u00e9nes somos?<\/h1><\/div>\n<\/div><\/div>\n\n\n\n<div class=\"wp-block-uagb-container uagb-block-fd3b6f09 alignfull uagb-is-root-container\"><div class=\"uagb-container-inner-blocks-wrap\">\n<div class=\"wp-block-uagb-container uagb-block-0f7707fa\">\n<div class=\"wp-block-uagb-advanced-heading uagb-block-2d25252c\"><h2 class=\"uagb-heading-text\">Nuestra Misi\u00f3n<\/h2><div class=\"uagb-separator\"><\/div><p class=\"uagb-desc-text\">En Ministores, nuestra misi\u00f3n es llevar alegr\u00eda, creatividad y aprendizaje a la infancia de cada ni\u00f1o a trav\u00e9s de objetos en miniatura. Creemos en el poder del juego para estimular la imaginaci\u00f3n y el desarrollo integral de los m\u00e1s peque\u00f1os.<\/p><\/div>\n\n\n\n<p>Nos comprometemos a ofrecer una amplia selecci\u00f3n de productos en miniatura, cuidadosamente escogidos para garantizar calidad, seguridad y diversi\u00f3n en cada experiencia de juego. Buscamos inspirar momentos de felicidad y conexi\u00f3n entre padres e hijos, hermanos y amigos, mientras exploran juntos nuestro m\u00e1gico mundo en miniatura.<\/p>\n<\/div>\n\n\n\n<div class=\"wp-block-uagb-container uagb-block-8bb6417c\">\n<div class=\"wp-block-uagb-image uagb-block-d506740b wp-block-uagb-image--layout-default wp-block-uagb-image--effect-static wp-block-uagb-image--align-none\"><figure class=\"wp-block-uagb-image__figure\"><img decoding=\"async\" srcset=\"https:\/\/minisstores.com\/wp-content\/uploads\/2024\/09\/IMG_7712-1024x683.jpg ,https:\/\/minisstores.com\/wp-content\/uploads\/2024\/09\/IMG_7712-scaled.jpg 780w, https:\/\/minisstores.com\/wp-content\/uploads\/2024\/09\/IMG_7712-scaled.jpg 360w\" sizes=\"auto, (max-width: 480px) 150px\" src=\"https:\/\/minisstores.com\/wp-content\/uploads\/2024\/09\/IMG_7712-1024x683.jpg\" alt=\"\" class=\"uag-image-1269\" width=\"1024\" height=\"683\" title=\"IMG_7712\" loading=\"lazy\" role=\"img\"\/><\/figure><\/div>\n<\/div>\n<\/div><\/div>\n","protected":false},"excerpt":{"rendered":"<p>Qui\u00e9nes somos? Nuestra Misi\u00f3n En Ministores, nuestra misi\u00f3n es llevar alegr\u00eda, creatividad y aprendizaje a la infancia de cada ni\u00f1o a trav\u00e9s de objetos en miniatura. Creemos en el poder del juego para estimular la imaginaci\u00f3n y el desarrollo integral de los m\u00e1s peque\u00f1os. Nos comprometemos a ofrecer una amplia selecci\u00f3n de productos en miniatura, [&hellip;]<\/p>\n","protected":false},"author":1,"featured_media":0,"parent":0,"menu_order":0,"comment_status":"closed","ping_status":"closed","template":"","meta":{"_uag_custom_page_level_css":"","_monsterinsights_skip_tracking":false,"_monsterinsights_sitenote_active":false,"_monsterinsights_sitenote_note":"","_monsterinsights_sitenote_category":0,"site-sidebar-layout":"no-sidebar","site-content-layout":"plain-container","ast-site-content-layout":"normal-width-container","site-content-style":"unboxed","site-sidebar-style":"unboxed","ast-global-header-display":"","ast-banner-title-visibility":"","ast-main-header-display":"","ast-hfb-above-header-display":"","ast-hfb-below-header-display":"","ast-hfb-mobile-header-display":"","site-post-title":"disabled","ast-breadcrumbs-content":"","ast-featured-img":"disabled","footer-sml-layout":"","ast-disable-related-posts":"","theme-transparent-header-meta":"enabled","adv-header-id-meta":"","stick-header-meta":"","header-above-stick-meta":"","header-main-stick-meta":"","header-below-stick-meta":"","astra-migrate-meta-layouts":"set","ast-page-background-enabled":"default","ast-page-background-meta":{"desktop":{"background-color":"","background-image":"","background-repeat":"repeat","background-position":"center center","background-size":"auto","background-attachment":"scroll","background-type":"","background-media":"","overlay-type":"","overlay-color":"","overlay-opacity":"","overlay-gradient":""},"tablet":{"background-color":"","background-image":"","background-repeat":"repeat","background-position":"center center","background-size":"auto","background-attachment":"scroll","background-type":"","background-media":"","overlay-type":"","overlay-color":"","overlay-opacity":"","overlay-gradient":""},"mobile":{"background-color":"","background-image":"","background-repeat":"repeat","background-position":"center center","background-size":"auto","background-attachment":"scroll","background-type":"","background-media":"","overlay-type":"","overlay-color":"","overlay-opacity":"","overlay-gradient":""}},"ast-content-background-meta":{"desktop":{"background-color":"var(--ast-global-color-5)","background-image":"","background-repeat":"repeat","background-position":"center center","background-size":"auto","background-attachment":"scroll","background-type":"","background-media":"","overlay-type":"","overlay-color":"","overlay-opacity":"","overlay-gradient":""},"tablet":{"background-color":"var(--ast-global-color-5)","background-image":"","background-repeat":"repeat","background-position":"center center","background-size":"auto","background-attachment":"scroll","background-type":"","background-media":"","overlay-type":"","overlay-color":"","overlay-opacity":"","overlay-gradient":""},"mobile":{"background-color":"var(--ast-global-color-5)","background-image":"","background-repeat":"repeat","background-position":"center center","background-size":"auto","background-attachment":"scroll","background-type":"","background-media":"","overlay-type":"","overlay-color":"","overlay-opacity":"","overlay-gradient":""}},"footnotes":""},"class_list":["post-944","page","type-page","status-publish","hentry"],"uagb_featured_image_src":{"full":false,"thumbnail":false,"medium":false,"medium_large":false,"large":false,"1536x1536":false,"2048x2048":false,"mailpoet_newsletter_max":false,"woocommerce_thumbnail":false,"woocommerce_single":false,"woocommerce_gallery_thumbnail":false},"uagb_author_info":{"display_name":"minisstores.com","author_link":"https:\/\/minisstores.com\/index.php\/author\/minisstores-com\/"},"uagb_comment_info":0,"uagb_excerpt":"Qui\u00e9nes somos? Nuestra Misi\u00f3n En Ministores, nuestra misi\u00f3n es llevar alegr\u00eda, creatividad y aprendizaje a la infancia de cada ni\u00f1o a trav\u00e9s de objetos en miniatura. Creemos en el poder del juego para estimular la imaginaci\u00f3n y el desarrollo integral de los m\u00e1s peque\u00f1os. Nos comprometemos a ofrecer una amplia selecci\u00f3n de productos en miniatura,&hellip;","jetpack_sharing_enabled":true,"_links":{"self":[{"href":"https:\/\/minisstores.com\/index.php\/wp-json\/wp\/v2\/pages\/944","targetHints":{"allow":["GET"]}}],"collection":[{"href":"https:\/\/minisstores.com\/index.php\/wp-json\/wp\/v2\/pages"}],"about":[{"href":"https:\/\/minisstores.com\/index.php\/wp-json\/wp\/v2\/types\/page"}],"author":[{"embeddable":true,"href":"https:\/\/minisstores.com\/index.php\/wp-json\/wp\/v2\/users\/1"}],"replies":[{"embeddable":true,"href":"https:\/\/minisstores.com\/index.php\/wp-json\/wp\/v2\/comments?post=944"}],"version-history":[{"count":7,"href":"https:\/\/minisstores.com\/index.php\/wp-json\/wp\/v2\/pages\/944\/revisions"}],"predecessor-version":[{"id":1283,"href":"https:\/\/minisstores.com\/index.php\/wp-json\/wp\/v2\/pages\/944\/revisions\/1283"}],"wp:attachment":[{"href":"https:\/\/minisstores.com\/index.php\/wp-json\/wp\/v2\/media?parent=944"}],"curies":[{"name":"wp","href":"https:\/\/api.w.org\/{rel}","templated":true}]}}